{"id":43693,"date":"2025-08-09T17:23:42","date_gmt":"2025-08-09T21:23:42","guid":{"rendered":"https:\/\/www.boutiquemaude.com\/notre-equipe\/"},"modified":"2025-09-29T16:40:57","modified_gmt":"2025-09-29T20:40:57","slug":"our-team","status":"publish","type":"page","link":"https:\/\/www.boutiquemaude.com\/en\/our-team\/","title":{"rendered":"Our team"},"content":{"rendered":"\t\t<div data-elementor-type=\"wp-page\" data-elementor-id=\"43693\" class=\"elementor elementor-43693 elementor-43569\" data-elementor-post-type=\"page\">\n\t\t\t\t\t\t<section class=\"elementor-section elementor-top-section elementor-element elementor-element-e663b1c elementor-section-boxed elementor-section-height-default elementor-section-height-default\" data-id=\"e663b1c\" data-element_type=\"section\" data-e-type=\"section\" data-settings=\"{&quot;jet_parallax_layout_list&quot;:[]}\">\n\t\t\t\t\t\t<div class=\"elementor-container elementor-column-gap-default\">\n\t\t\t\t\t<div class=\"elementor-column elementor-col-100 elementor-top-column elementor-element elementor-element-a1f00e4\" data-id=\"a1f00e4\" data-element_type=\"column\" data-e-type=\"column\">\n\t\t\t<div class=\"elementor-widget-wrap elementor-element-populated\">\n\t\t\t\t\t\t<div class=\"elementor-element elementor-element-0783b8c elementor-widget elementor-widget-heading\" data-id=\"0783b8c\" data-element_type=\"widget\" data-e-type=\"widget\" data-widget_type=\"heading.default\">\n\t\t\t\t<div class=\"elementor-widget-container\">\n\t\t\t\t\t<h1 class=\"elementor-heading-title elementor-size-default\">Our team<\/h1>\t\t\t\t<\/div>\n\t\t\t\t<\/div>\n\t\t\t\t\t<\/div>\n\t\t<\/div>\n\t\t\t\t\t<\/div>\n\t\t<\/section>\n\t\t\t\t<section class=\"elementor-section elementor-top-section elementor-element elementor-element-4d661b68 elementor-section-content-top elementor-reverse-mobile elementor-reverse-tablet elementor-section-boxed elementor-section-height-default elementor-section-height-default\" data-id=\"4d661b68\" data-element_type=\"section\" data-e-type=\"section\" data-settings=\"{&quot;jet_parallax_layout_list&quot;:[]}\">\n\t\t\t\t\t\t<div class=\"elementor-container elementor-column-gap-custom\">\n\t\t\t\t\t<div class=\"elementor-column elementor-col-33 elementor-top-column elementor-element elementor-element-22a56ac9\" data-id=\"22a56ac9\" data-element_type=\"column\" data-e-type=\"column\">\n\t\t\t<div class=\"elementor-widget-wrap elementor-element-populated\">\n\t\t\t\t\t\t<div class=\"elementor-element elementor-element-8bec788 elementor-widget elementor-widget-heading\" data-id=\"8bec788\" data-element_type=\"widget\" data-e-type=\"widget\" data-widget_type=\"heading.default\">\n\t\t\t\t<div class=\"elementor-widget-container\">\n\t\t\t\t\t<h2 class=\"elementor-heading-title elementor-size-default\">Owners<\/h2>\t\t\t\t<\/div>\n\t\t\t\t<\/div>\n\t\t\t\t<div class=\"elementor-element elementor-element-7798dbb elementor-widget elementor-widget-image\" data-id=\"7798dbb\" data-element_type=\"widget\" data-e-type=\"widget\" data-widget_type=\"image.default\">\n\t\t\t\t<div class=\"elementor-widget-container\">\n\t\t\t\t\t\t\t\t\t\t\t\t\t\t\t\t<a href=\"https:\/\/www.boutiquemaude.com\/wp-content\/uploads\/2025\/09\/Proprie\u0301taires-min.jpg\" data-elementor-open-lightbox=\"yes\" data-elementor-lightbox-title=\"Proprie\u0301taires-min\" data-e-action-hash=\"#elementor-action%3Aaction%3Dlightbox%26settings%3DeyJpZCI6NDQ0NjQsInVybCI6Imh0dHBzOlwvXC93d3cuYm91dGlxdWVtYXVkZS5jb21cL3dwLWNvbnRlbnRcL3VwbG9hZHNcLzIwMjVcLzA5XC9Qcm9wcmllXHUwMzAxdGFpcmVzLW1pbi5qcGcifQ%3D%3D\">\n\t\t\t\t\t\t\t<img fetchpriority=\"high\" decoding=\"async\" width=\"1200\" height=\"800\" src=\"https:\/\/www.boutiquemaude.com\/wp-content\/uploads\/2025\/09\/Proprie\u0301taires-min.jpg\" class=\"attachment-full size-full wp-image-44464\" alt=\"\" srcset=\"https:\/\/www.boutiquemaude.com\/wp-content\/uploads\/2025\/09\/Proprie\u0301taires-min.jpg 1200w, https:\/\/www.boutiquemaude.com\/wp-content\/uploads\/2025\/09\/Proprie\u0301taires-min-300x200.jpg 300w, https:\/\/www.boutiquemaude.com\/wp-content\/uploads\/2025\/09\/Proprie\u0301taires-min-1024x683.jpg 1024w, https:\/\/www.boutiquemaude.com\/wp-content\/uploads\/2025\/09\/Proprie\u0301taires-min-768x512.jpg 768w\" sizes=\"(max-width: 1200px) 100vw, 1200px\" \/>\t\t\t\t\t\t\t\t<\/a>\n\t\t\t\t\t\t\t\t\t\t\t\t\t\t\t<\/div>\n\t\t\t\t<\/div>\n\t\t\t\t<div class=\"elementor-element elementor-element-7e36012 elementor-widget elementor-widget-text-editor\" data-id=\"7e36012\" data-element_type=\"widget\" data-e-type=\"widget\" data-widget_type=\"text-editor.default\">\n\t\t\t\t<div class=\"elementor-widget-container\">\n\t\t\t\t\t\t\t\t\t<p>Sylvain et \u00c9milie<\/p>\t\t\t\t\t\t\t\t<\/div>\n\t\t\t\t<\/div>\n\t\t\t\t\t<\/div>\n\t\t<\/div>\n\t\t\t\t<div class=\"elementor-column elementor-col-33 elementor-top-column elementor-element elementor-element-21bf933\" data-id=\"21bf933\" data-element_type=\"column\" data-e-type=\"column\">\n\t\t\t<div class=\"elementor-widget-wrap elementor-element-populated\">\n\t\t\t\t\t\t<div class=\"elementor-element elementor-element-eca5887 elementor-widget elementor-widget-heading\" data-id=\"eca5887\" data-element_type=\"widget\" data-e-type=\"widget\" data-widget_type=\"heading.default\">\n\t\t\t\t<div class=\"elementor-widget-container\">\n\t\t\t\t\t<h2 class=\"elementor-heading-title elementor-size-default\">Buyers<\/h2>\t\t\t\t<\/div>\n\t\t\t\t<\/div>\n\t\t\t\t<div class=\"elementor-element elementor-element-ebf2c04 elementor-widget elementor-widget-image\" data-id=\"ebf2c04\" data-element_type=\"widget\" data-e-type=\"widget\" data-widget_type=\"image.default\">\n\t\t\t\t<div class=\"elementor-widget-container\">\n\t\t\t\t\t\t\t\t\t\t\t\t\t\t\t\t<a href=\"https:\/\/www.boutiquemaude.com\/wp-content\/uploads\/2025\/09\/Acheteuses-min.jpg\" data-elementor-open-lightbox=\"yes\" data-elementor-lightbox-title=\"Acheteuses-min\" data-e-action-hash=\"#elementor-action%3Aaction%3Dlightbox%26settings%3DeyJpZCI6NDQ0NTYsInVybCI6Imh0dHBzOlwvXC93d3cuYm91dGlxdWVtYXVkZS5jb21cL3dwLWNvbnRlbnRcL3VwbG9hZHNcLzIwMjVcLzA5XC9BY2hldGV1c2VzLW1pbi5qcGcifQ%3D%3D\">\n\t\t\t\t\t\t\t<img decoding=\"async\" width=\"1200\" height=\"800\" src=\"https:\/\/www.boutiquemaude.com\/wp-content\/uploads\/2025\/09\/Acheteuses-min.jpg\" class=\"attachment-full size-full wp-image-44456\" alt=\"\" srcset=\"https:\/\/www.boutiquemaude.com\/wp-content\/uploads\/2025\/09\/Acheteuses-min.jpg 1200w, https:\/\/www.boutiquemaude.com\/wp-content\/uploads\/2025\/09\/Acheteuses-min-300x200.jpg 300w, https:\/\/www.boutiquemaude.com\/wp-content\/uploads\/2025\/09\/Acheteuses-min-1024x683.jpg 1024w, https:\/\/www.boutiquemaude.com\/wp-content\/uploads\/2025\/09\/Acheteuses-min-768x512.jpg 768w\" sizes=\"(max-width: 1200px) 100vw, 1200px\" \/>\t\t\t\t\t\t\t\t<\/a>\n\t\t\t\t\t\t\t\t\t\t\t\t\t\t\t<\/div>\n\t\t\t\t<\/div>\n\t\t\t\t<div class=\"elementor-element elementor-element-3a5c73a elementor-widget elementor-widget-text-editor\" data-id=\"3a5c73a\" data-element_type=\"widget\" data-e-type=\"widget\" data-widget_type=\"text-editor.default\">\n\t\t\t\t<div class=\"elementor-widget-container\">\n\t\t\t\t\t\t\t\t\t<p class=\"p1\">Nathalie, \u00c9milie et Anne<\/p>\t\t\t\t\t\t\t\t<\/div>\n\t\t\t\t<\/div>\n\t\t\t\t\t<\/div>\n\t\t<\/div>\n\t\t\t\t<div class=\"elementor-column elementor-col-33 elementor-top-column elementor-element elementor-element-ebfa5c5\" data-id=\"ebfa5c5\" data-element_type=\"column\" data-e-type=\"column\">\n\t\t\t<div class=\"elementor-widget-wrap elementor-element-populated\">\n\t\t\t\t\t\t<div class=\"elementor-element elementor-element-8fbad74 elementor-widget elementor-widget-heading\" data-id=\"8fbad74\" data-element_type=\"widget\" data-e-type=\"widget\" data-widget_type=\"heading.default\">\n\t\t\t\t<div class=\"elementor-widget-container\">\n\t\t\t\t\t<h2 class=\"elementor-heading-title elementor-size-default\">Visual presentation<\/h2>\t\t\t\t<\/div>\n\t\t\t\t<\/div>\n\t\t\t\t<div class=\"elementor-element elementor-element-583fda7 elementor-widget elementor-widget-image\" data-id=\"583fda7\" data-element_type=\"widget\" data-e-type=\"widget\" data-widget_type=\"image.default\">\n\t\t\t\t<div class=\"elementor-widget-container\">\n\t\t\t\t\t\t\t\t\t\t\t\t\t\t\t\t<a href=\"https:\/\/www.boutiquemaude.com\/wp-content\/uploads\/2025\/09\/Marchandisage-min-e1758843123685.jpg\" data-elementor-open-lightbox=\"yes\" data-elementor-lightbox-title=\"Marchandisage-min\" data-e-action-hash=\"#elementor-action%3Aaction%3Dlightbox%26settings%3DeyJpZCI6NDQ0NjAsInVybCI6Imh0dHBzOlwvXC93d3cuYm91dGlxdWVtYXVkZS5jb21cL3dwLWNvbnRlbnRcL3VwbG9hZHNcLzIwMjVcLzA5XC9NYXJjaGFuZGlzYWdlLW1pbi1lMTc1ODg0MzEyMzY4NS5qcGcifQ%3D%3D\">\n\t\t\t\t\t\t\t<img decoding=\"async\" width=\"660\" height=\"1000\" src=\"https:\/\/www.boutiquemaude.com\/wp-content\/uploads\/2025\/09\/Marchandisage-min-e1758843123685.jpg\" class=\"attachment-2048x2048 size-2048x2048 wp-image-44460\" alt=\"\" \/>\t\t\t\t\t\t\t\t<\/a>\n\t\t\t\t\t\t\t\t\t\t\t\t\t\t\t<\/div>\n\t\t\t\t<\/div>\n\t\t\t\t<div class=\"elementor-element elementor-element-b583204 elementor-widget elementor-widget-text-editor\" data-id=\"b583204\" data-element_type=\"widget\" data-e-type=\"widget\" data-widget_type=\"text-editor.default\">\n\t\t\t\t<div class=\"elementor-widget-container\">\n\t\t\t\t\t\t\t\t\t<p class=\"p1\">M\u00e9lanie et Brigitte<\/p>\t\t\t\t\t\t\t\t<\/div>\n\t\t\t\t<\/div>\n\t\t\t\t\t<\/div>\n\t\t<\/div>\n\t\t\t\t\t<\/div>\n\t\t<\/section>\n\t\t\t\t<section class=\"elementor-section elementor-top-section elementor-element elementor-element-a942814 elementor-section-content-top elementor-reverse-mobile elementor-reverse-tablet elementor-section-boxed elementor-section-height-default elementor-section-height-default\" data-id=\"a942814\" data-element_type=\"section\" data-e-type=\"section\" data-settings=\"{&quot;jet_parallax_layout_list&quot;:[]}\">\n\t\t\t\t\t\t<div class=\"elementor-container elementor-column-gap-custom\">\n\t\t\t\t\t<div class=\"elementor-column elementor-col-33 elementor-top-column elementor-element elementor-element-2ef9d7c\" data-id=\"2ef9d7c\" data-element_type=\"column\" data-e-type=\"column\">\n\t\t\t<div class=\"elementor-widget-wrap elementor-element-populated\">\n\t\t\t\t\t\t<div class=\"elementor-element elementor-element-3ce9a97 elementor-widget elementor-widget-heading\" data-id=\"3ce9a97\" data-element_type=\"widget\" data-e-type=\"widget\" data-widget_type=\"heading.default\">\n\t\t\t\t<div class=\"elementor-widget-container\">\n\t\t\t\t\t<h2 class=\"elementor-heading-title elementor-size-default\">Fashion consultants<\/h2>\t\t\t\t<\/div>\n\t\t\t\t<\/div>\n\t\t\t\t<div class=\"elementor-element elementor-element-c7d8bfa elementor-widget elementor-widget-image\" data-id=\"c7d8bfa\" data-element_type=\"widget\" data-e-type=\"widget\" data-widget_type=\"image.default\">\n\t\t\t\t<div class=\"elementor-widget-container\">\n\t\t\t\t\t\t\t\t\t\t\t\t\t\t\t\t<a href=\"https:\/\/www.boutiquemaude.com\/wp-content\/uploads\/2025\/09\/Conseille\u0300res-mode-min.jpg\" data-elementor-open-lightbox=\"yes\" data-elementor-lightbox-title=\"Conseille\u0300res mode-min\" data-e-action-hash=\"#elementor-action%3Aaction%3Dlightbox%26settings%3DeyJpZCI6NDQ0NTgsInVybCI6Imh0dHBzOlwvXC93d3cuYm91dGlxdWVtYXVkZS5jb21cL3dwLWNvbnRlbnRcL3VwbG9hZHNcLzIwMjVcLzA5XC9Db25zZWlsbGVcdTAzMDByZXMtbW9kZS1taW4uanBnIn0%3D\">\n\t\t\t\t\t\t\t<img loading=\"lazy\" decoding=\"async\" width=\"1200\" height=\"800\" src=\"https:\/\/www.boutiquemaude.com\/wp-content\/uploads\/2025\/09\/Conseille\u0300res-mode-min.jpg\" class=\"attachment-full size-full wp-image-44458\" alt=\"\" srcset=\"https:\/\/www.boutiquemaude.com\/wp-content\/uploads\/2025\/09\/Conseille\u0300res-mode-min.jpg 1200w, https:\/\/www.boutiquemaude.com\/wp-content\/uploads\/2025\/09\/Conseille\u0300res-mode-min-300x200.jpg 300w, https:\/\/www.boutiquemaude.com\/wp-content\/uploads\/2025\/09\/Conseille\u0300res-mode-min-1024x683.jpg 1024w, https:\/\/www.boutiquemaude.com\/wp-content\/uploads\/2025\/09\/Conseille\u0300res-mode-min-768x512.jpg 768w\" sizes=\"(max-width: 1200px) 100vw, 1200px\" \/>\t\t\t\t\t\t\t\t<\/a>\n\t\t\t\t\t\t\t\t\t\t\t\t\t\t\t<\/div>\n\t\t\t\t<\/div>\n\t\t\t\t<div class=\"elementor-element elementor-element-f25be62 elementor-widget elementor-widget-text-editor\" data-id=\"f25be62\" data-element_type=\"widget\" data-e-type=\"widget\" data-widget_type=\"text-editor.default\">\n\t\t\t\t<div class=\"elementor-widget-container\">\n\t\t\t\t\t\t\t\t\t<p class=\"p1\">Mich\u00e8le, Christiane, Anne, Brigitte, Diane, Carole et C\u00e9line<\/p>\t\t\t\t\t\t\t\t<\/div>\n\t\t\t\t<\/div>\n\t\t\t\t\t<\/div>\n\t\t<\/div>\n\t\t\t\t<div class=\"elementor-column elementor-col-33 elementor-top-column elementor-element elementor-element-fe0b8e2\" data-id=\"fe0b8e2\" data-element_type=\"column\" data-e-type=\"column\">\n\t\t\t<div class=\"elementor-widget-wrap elementor-element-populated\">\n\t\t\t\t\t\t<div class=\"elementor-element elementor-element-bd2406d elementor-widget elementor-widget-heading\" data-id=\"bd2406d\" data-element_type=\"widget\" data-e-type=\"widget\" data-widget_type=\"heading.default\">\n\t\t\t\t<div class=\"elementor-widget-container\">\n\t\t\t\t\t<h2 class=\"elementor-heading-title elementor-size-default\">Marketing<\/h2>\t\t\t\t<\/div>\n\t\t\t\t<\/div>\n\t\t\t\t<div class=\"elementor-element elementor-element-f4a25f6 elementor-widget elementor-widget-image\" data-id=\"f4a25f6\" data-element_type=\"widget\" data-e-type=\"widget\" data-widget_type=\"image.default\">\n\t\t\t\t<div class=\"elementor-widget-container\">\n\t\t\t\t\t\t\t\t\t\t\t\t\t\t\t\t<a href=\"https:\/\/www.boutiquemaude.com\/wp-content\/uploads\/2025\/09\/Marketing-min.jpg\" data-elementor-open-lightbox=\"yes\" data-elementor-lightbox-title=\"Marketing-min\" data-e-action-hash=\"#elementor-action%3Aaction%3Dlightbox%26settings%3DeyJpZCI6NDQ0NjIsInVybCI6Imh0dHBzOlwvXC93d3cuYm91dGlxdWVtYXVkZS5jb21cL3dwLWNvbnRlbnRcL3VwbG9hZHNcLzIwMjVcLzA5XC9NYXJrZXRpbmctbWluLmpwZyJ9\">\n\t\t\t\t\t\t\t<img loading=\"lazy\" decoding=\"async\" width=\"1200\" height=\"800\" src=\"https:\/\/www.boutiquemaude.com\/wp-content\/uploads\/2025\/09\/Marketing-min.jpg\" class=\"attachment-full size-full wp-image-44462\" alt=\"\" srcset=\"https:\/\/www.boutiquemaude.com\/wp-content\/uploads\/2025\/09\/Marketing-min.jpg 1200w, https:\/\/www.boutiquemaude.com\/wp-content\/uploads\/2025\/09\/Marketing-min-300x200.jpg 300w, https:\/\/www.boutiquemaude.com\/wp-content\/uploads\/2025\/09\/Marketing-min-1024x683.jpg 1024w, https:\/\/www.boutiquemaude.com\/wp-content\/uploads\/2025\/09\/Marketing-min-768x512.jpg 768w\" sizes=\"(max-width: 1200px) 100vw, 1200px\" \/>\t\t\t\t\t\t\t\t<\/a>\n\t\t\t\t\t\t\t\t\t\t\t\t\t\t\t<\/div>\n\t\t\t\t<\/div>\n\t\t\t\t<div class=\"elementor-element elementor-element-d357673 elementor-widget elementor-widget-text-editor\" data-id=\"d357673\" data-element_type=\"widget\" data-e-type=\"widget\" data-widget_type=\"text-editor.default\">\n\t\t\t\t<div class=\"elementor-widget-container\">\n\t\t\t\t\t\t\t\t\t<p class=\"p1\">Ana\u00efs<\/p>\t\t\t\t\t\t\t\t<\/div>\n\t\t\t\t<\/div>\n\t\t\t\t\t<\/div>\n\t\t<\/div>\n\t\t\t\t<div class=\"elementor-column elementor-col-33 elementor-top-column elementor-element elementor-element-2987ce1\" data-id=\"2987ce1\" data-element_type=\"column\" data-e-type=\"column\">\n\t\t\t<div class=\"elementor-widget-wrap elementor-element-populated\">\n\t\t\t\t\t\t<div class=\"elementor-element elementor-element-aa6140a elementor-widget elementor-widget-heading\" data-id=\"aa6140a\" data-element_type=\"widget\" data-e-type=\"widget\" data-widget_type=\"heading.default\">\n\t\t\t\t<div class=\"elementor-widget-container\">\n\t\t\t\t\t<h2 class=\"elementor-heading-title elementor-size-default\">Customer Service<\/h2>\t\t\t\t<\/div>\n\t\t\t\t<\/div>\n\t\t\t\t<div class=\"elementor-element elementor-element-05f5cf0 elementor-widget elementor-widget-image\" data-id=\"05f5cf0\" data-element_type=\"widget\" data-e-type=\"widget\" data-widget_type=\"image.default\">\n\t\t\t\t<div class=\"elementor-widget-container\">\n\t\t\t\t\t\t\t\t\t\t\t\t\t\t\t\t<a href=\"https:\/\/www.boutiquemaude.com\/wp-content\/uploads\/2025\/09\/Service-a\u0300-la-cliente\u0300le-min.jpg\" data-elementor-open-lightbox=\"yes\" data-elementor-lightbox-title=\"Service a\u0300 la cliente\u0300le-min\" data-e-action-hash=\"#elementor-action%3Aaction%3Dlightbox%26settings%3DeyJpZCI6NDQ0NjYsInVybCI6Imh0dHBzOlwvXC93d3cuYm91dGlxdWVtYXVkZS5jb21cL3dwLWNvbnRlbnRcL3VwbG9hZHNcLzIwMjVcLzA5XC9TZXJ2aWNlLWFcdTAzMDAtbGEtY2xpZW50ZVx1MDMwMGxlLW1pbi5qcGcifQ%3D%3D\">\n\t\t\t\t\t\t\t<img loading=\"lazy\" decoding=\"async\" width=\"1200\" height=\"800\" src=\"https:\/\/www.boutiquemaude.com\/wp-content\/uploads\/2025\/09\/Service-a\u0300-la-cliente\u0300le-min.jpg\" class=\"attachment-full size-full wp-image-44466\" alt=\"\" srcset=\"https:\/\/www.boutiquemaude.com\/wp-content\/uploads\/2025\/09\/Service-a\u0300-la-cliente\u0300le-min.jpg 1200w, https:\/\/www.boutiquemaude.com\/wp-content\/uploads\/2025\/09\/Service-a\u0300-la-cliente\u0300le-min-300x200.jpg 300w, https:\/\/www.boutiquemaude.com\/wp-content\/uploads\/2025\/09\/Service-a\u0300-la-cliente\u0300le-min-1024x683.jpg 1024w, https:\/\/www.boutiquemaude.com\/wp-content\/uploads\/2025\/09\/Service-a\u0300-la-cliente\u0300le-min-768x512.jpg 768w\" sizes=\"(max-width: 1200px) 100vw, 1200px\" \/>\t\t\t\t\t\t\t\t<\/a>\n\t\t\t\t\t\t\t\t\t\t\t\t\t\t\t<\/div>\n\t\t\t\t<\/div>\n\t\t\t\t<div class=\"elementor-element elementor-element-2eb8434 elementor-widget elementor-widget-text-editor\" data-id=\"2eb8434\" data-element_type=\"widget\" data-e-type=\"widget\" data-widget_type=\"text-editor.default\">\n\t\t\t\t<div class=\"elementor-widget-container\">\n\t\t\t\t\t\t\t\t\t<p class=\"p1\">Carole, Diance et Anne<\/p>\t\t\t\t\t\t\t\t<\/div>\n\t\t\t\t<\/div>\n\t\t\t\t\t<\/div>\n\t\t<\/div>\n\t\t\t\t\t<\/div>\n\t\t<\/section>\n\t\t\t\t<\/div>\n\t\t","protected":false},"excerpt":{"rendered":"<p>Our team Owners Sylvain et \u00c9milie Buyers Nathalie, \u00c9milie et Anne Visual presentation M\u00e9lanie et Brigitte Fashion consultants Mich\u00e8le, Christiane, Anne, Brigitte, Diane, Carole et C\u00e9line Marketing Ana\u00efs Customer Service Carole, Diance et Anne<\/p>\n","protected":false},"author":10,"featured_media":0,"parent":0,"menu_order":-900,"comment_status":"closed","ping_status":"closed","template":"","meta":{"_acf_changed":false,"footnotes":""},"class_list":["post-43693","page","type-page","status-publish","hentry"],"acf":[],"_links":{"self":[{"href":"https:\/\/www.boutiquemaude.com\/en\/wp-json\/wp\/v2\/pages\/43693","targetHints":{"allow":["GET"]}}],"collection":[{"href":"https:\/\/www.boutiquemaude.com\/en\/wp-json\/wp\/v2\/pages"}],"about":[{"href":"https:\/\/www.boutiquemaude.com\/en\/wp-json\/wp\/v2\/types\/page"}],"author":[{"embeddable":true,"href":"https:\/\/www.boutiquemaude.com\/en\/wp-json\/wp\/v2\/users\/10"}],"replies":[{"embeddable":true,"href":"https:\/\/www.boutiquemaude.com\/en\/wp-json\/wp\/v2\/comments?post=43693"}],"version-history":[{"count":13,"href":"https:\/\/www.boutiquemaude.com\/en\/wp-json\/wp\/v2\/pages\/43693\/revisions"}],"predecessor-version":[{"id":44534,"href":"https:\/\/www.boutiquemaude.com\/en\/wp-json\/wp\/v2\/pages\/43693\/revisions\/44534"}],"wp:attachment":[{"href":"https:\/\/www.boutiquemaude.com\/en\/wp-json\/wp\/v2\/media?parent=43693"}],"curies":[{"name":"wp","href":"https:\/\/api.w.org\/{rel}","templated":true}]}}